{"id":631,"date":"2023-01-16T06:36:50","date_gmt":"2023-01-16T03:36:50","guid":{"rendered":"https:\/\/probatio.com.tr\/testicaret\/?page_id=631"},"modified":"2023-08-06T19:38:51","modified_gmt":"2023-08-06T16:38:51","slug":"hakkimizda","status":"publish","type":"page","link":"https:\/\/probatio.com.tr\/testicaret\/hakkimizda\/","title":{"rendered":"Hakk\u0131m\u0131zda"},"content":{"rendered":"<div id=\"tdi_1\" class=\"tdc-zone\"><div class=\"tdc_zone tdi_2  wpb_row td-pb-row\"  >\n<style scoped>\n\/* custom css - generated by TagDiv Composer *\/\n\n\/* custom css - generated by TagDiv Composer *\/\n.tdi_2{\r\n                    min-height: 0;\r\n                }\n<\/style><div id=\"tdi_3\" class=\"tdc-row stretch_row_1200 td-stretch-content\"><div class=\"vc_row tdi_4 td-about-us wpb_row td-pb-row tdc-row-content-vert-center\" >\n<style scoped>\n\/* custom css - generated by TagDiv Composer *\/\n\n\/* custom css - generated by TagDiv Composer *\/\n.tdi_4,\r\n                .tdi_4 .tdc-columns{\r\n                    min-height: 0;\r\n                }.tdi_4,\r\n\t\t\t\t.tdi_4 .tdc-columns{\r\n\t\t\t\t    display: block;\r\n\t\t\t\t}.tdi_4 .tdc-columns{\r\n\t\t\t\t    width: 100%;\r\n\t\t\t\t}.tdi_4:before,\r\n\t\t\t\t.tdi_4:after{\r\n\t\t\t\t    display: table;\r\n\t\t\t\t}@media (min-width: 767px) {\r\n                    .tdi_4.tdc-row-content-vert-center,\r\n                    .tdi_4.tdc-row-content-vert-center .tdc-columns {\r\n                        display: flex;\r\n                        align-items: center;\r\n                        flex: 1;\r\n                    }\r\n                    .tdi_4.tdc-row-content-vert-bottom,\r\n                    .tdi_4.tdc-row-content-vert-bottom .tdc-columns {\r\n                        display: flex;\r\n                        align-items: flex-end;\r\n                        flex: 1;\r\n                    }\r\n                    .tdi_4.tdc-row-content-vert-center .td_block_wrap {\r\n                        vertical-align: middle;\r\n                    }\r\n                    .tdi_4.tdc-row-content-vert-bottom .td_block_wrap {\r\n                        vertical-align: bottom;\r\n                    }\r\n                }\n\/* inline tdc_css att - generated by TagDiv Composer *\/\n\n.tdi_4{\nmargin-top:80px !important;\n}\n\n.tdi_4 .td_block_wrap{ text-align:left }\n\n\/* landscape *\/\n@media (min-width: 1019px) and (max-width: 1140px)\n{\n.tdi_4{\nmargin-top:0px !important;\n}\n}\n\n\/* portrait *\/\n@media (min-width: 768px) and (max-width: 1018px)\n{\n.tdi_4{\nmargin-top:0px !important;\n}\n}\n\n\/* phone *\/\n@media (max-width: 767px)\n{\n.tdi_4{\nmargin-top:0px !important;\njustify-content:center !important;\ntext-align:center !important;\n}\n}\n\n<\/style><div class=\"vc_column tdi_6  wpb_column vc_column_container tdc-column td-pb-span6\">\n<style scoped>\n\/* custom css - generated by TagDiv Composer *\/\n\n\/* custom css - generated by TagDiv Composer *\/\n.tdi_6{\r\n                    vertical-align: baseline;\r\n                }.tdi_6 > .wpb_wrapper,\r\n\t\t\t\t.tdi_6 > .wpb_wrapper > .tdc-elements{\r\n\t\t\t\t    display: block;\r\n\t\t\t\t}.tdi_6 > .wpb_wrapper > .tdc-elements{\r\n\t\t\t\t    width: 100%;\r\n\t\t\t\t}.tdi_6 > .wpb_wrapper > .vc_row_inner{\r\n\t\t\t\t    width: auto;\r\n\t\t\t\t}.tdi_6 > .wpb_wrapper{\r\n\t\t\t\t    width: auto;\r\n\t\t\t\t    height: auto;\r\n\t\t\t\t}\n\/* inline tdc_css att - generated by TagDiv Composer *\/\n\n.tdi_6{\nwidth:54% !important;\n}\n\n\/* landscape *\/\n@media (min-width: 1019px) and (max-width: 1140px)\n{\n.tdi_6{\npadding-left:20px !important;\n}\n}\n\n\/* portrait *\/\n@media (min-width: 768px) and (max-width: 1018px)\n{\n.tdi_6{\npadding-left:18px !important;\n}\n}\n\n\/* phone *\/\n@media (max-width: 767px)\n{\n.tdi_6{\nwidth:100% !important;\n}\n}\n\n<\/style><div class=\"wpb_wrapper\" ><div class=\"tdm_block td_block_wrap tdm_block_inline_image tdi_7 td-animation-stack tdm-inline-block tdm-content-horiz-left td-pb-border-top td_block_template_1\"  data-td-block-uid=\"tdi_7\" >\n<style>\n\n\/* inline tdc_css att - generated by TagDiv Composer *\/\n\n\/* portrait *\/\n@media (min-width: 768px) and (max-width: 1018px)\n{\n.tdi_7{\nmargin-top:15px !important;\nmargin-right:-40px !important;\nmargin-bottom:15px !important;\nmargin-left:- !important;\n}\n}\n\n\/* phone *\/\n@media (max-width: 767px)\n{\n.tdi_7{\nmargin-top:20px !important;\nmargin-left:0px !important;\n}\n}\n\n\/* landscape *\/\n@media (min-width: 1019px) and (max-width: 1140px)\n{\n.tdi_7{\nmargin-top:15px !important;\nmargin-bottom:15px !important;\n}\n}\n\n<\/style>\n<style>\n\/* custom css - generated by TagDiv Composer *\/\n.tdm_block.tdm_block_inline_image{\r\n                  position: relative;\r\n                  margin-bottom: 0;\r\n                  line-height: 0;\r\n                  overflow: hidden;\r\n                }.tdm_block.tdm_block_inline_image .tdm-inline-image-wrap{\r\n                  position: relative;\r\n                  display: inline-block;\r\n                }.tdm_block.tdm_block_inline_image .td-image-video-modal{\r\n                  cursor: pointer;\r\n                }.tdm_block.tdm_block_inline_image .tdm-caption{\r\n                  width: 100%;\r\n                  font-family: Verdana, BlinkMacSystemFont, -apple-system, \"Segoe UI\", Roboto, Oxygen, Ubuntu, Cantarell, \"Open Sans\", \"Helvetica Neue\", sans-serif;\r\n                  padding-top: 6px;\r\n                  padding-bottom: 6px;\r\n                  font-size: 12px;\r\n                  font-style: italic;\r\n                  font-weight: normal;\r\n                  line-height: 17px;\r\n                  color: #444;\r\n                }.tdm_block.tdm_block_inline_image.tdm-caption-over-image .tdm-caption{\r\n                  position: absolute;\r\n                  left: 0;\r\n                  bottom: 0;\r\n                  margin-top: 0;\r\n                  padding-left: 10px;\r\n                  padding-right: 10px;\r\n                  width: 100%;\r\n                  background: rgba(0, 0, 0, 0.7);\r\n                  color: #fff;\r\n                }.tdi_7 .tdm-inline-image-wrap:hover:before{\r\n                    opacity: 0;\r\n                }.tdi_7 .tdm-image{\r\n\t\t\t\t\tborder-color:  #eaeaea;\r\n\t\t\t\t}\n<\/style><div class=\"tdm-inline-image-wrap \" ><img loading=\"lazy\" decoding=\"async\" class=\"tdm-image td-fix-index td-lazy-img\" src=\"data:image\/png;base64,iVBORw0KGgoAAAANSUhEUgAABCwAAAJEAQMAAADnqyfeAAAAA1BMVEWurq51dlI4AAAAAXRSTlMmkutdmwAAAG9JREFUeNrswYEAAAAAgKD9qRepAgAAAAAAAAAAAAAAAAAAAAAAAAAAAAAAAAAAAAAAAAAAAAAAAAAAAAAAAAAAAAAAAAAAAAAAAAAAAADg9uCQAAAAAEDQ\/9fOsAAAAAAAAAAAAAAAAAAAAAAAsAox6wABwRHV3QAAAABJRU5ErkJggg==\" data-type=\"image_tag\" data-img-url=\"https:\/\/probatio.com.tr\/testicaret\/wp-content\/uploads\/2023\/02\/00-ticaret-gazetesi-ilk-nusha-5697089.jpg\"  title=\"mockup-ticaret-5697089\" width=\"1200\" height=\"1200\"><\/div><\/div><div class=\"wpb_wrapper wpb_text_column td_block_wrap td_block_wrap vc_column_text tdi_8  tagdiv-type td-pb-border-top td_block_template_1\"  data-td-block-uid=\"tdi_8\" >\n<style>\n.td-theme-wrap .tdi_8 .td-pulldown-filter-link:hover,\r\n            .td-theme-wrap .tdi_8 .td-subcat-item a:hover,\r\n            .td-theme-wrap .tdi_8 .td-subcat-item .td-cur-simple-item {\r\n                color: #777777;\r\n            }\r\n\r\n            .td-theme-wrap .tdi_8 .block-title > *,\r\n            .td-theme-wrap .tdi_8 .td-subcat-dropdown:hover .td-subcat-more {\r\n                background-color: #777777;\r\n            }\r\n            .td-theme-wrap .td-footer-wrapper .tdi_8 .block-title > * {\r\n                padding: 6px 7px 5px;\r\n                line-height: 1;\r\n            }\r\n\r\n            .td-theme-wrap .tdi_8 .block-title {\r\n                border-color: #777777;\r\n            }\r\n\r\n            \r\n            .td-theme-wrap .tdi_8 .td_module_wrap:hover .entry-title a,\r\n            .td-theme-wrap .tdi_8 .td_quote_on_blocks,\r\n            .td-theme-wrap .tdi_8 .td-opacity-cat .td-post-category:hover,\r\n            .td-theme-wrap .tdi_8 .td-opacity-read .td-read-more a:hover,\r\n            .td-theme-wrap .tdi_8 .td-opacity-author .td-post-author-name a:hover,\r\n            .td-theme-wrap .tdi_8 .td-instagram-user a {\r\n                color: #777777;\r\n            }\r\n\r\n            .td-theme-wrap .tdi_8 .td-next-prev-wrap a:hover,\r\n            .td-theme-wrap .tdi_8 .td-load-more-wrap a:hover {\r\n                background-color: #777777;\r\n                border-color: #777777;\r\n            }\r\n\r\n            .td-theme-wrap .tdi_8 .td-read-more a,\r\n            .td-theme-wrap .tdi_8 .td-weather-information:before,\r\n            .td-theme-wrap .tdi_8 .td-weather-week:before,\r\n            .td-theme-wrap .tdi_8 .td-exchange-header:before,\r\n            .td-theme-wrap .td-footer-wrapper .tdi_8 .td-post-category,\r\n            .td-theme-wrap .tdi_8 .td-post-category:hover {\r\n                background-color: #777777;\r\n            }\n<\/style>\n<style>\n\/* custom css - generated by TagDiv Composer *\/\n.vc_column_text > .td-element-style{\r\n\t\t\t\t\tz-index: -1;\r\n\t\t\t\t}\n<\/style><div class=\"td-block-title-wrap\"><h4 class=\"block-title td-block-title\"><span class=\"td-pulldown-size\">G\u00fcnl\u00fck Siyasi Ticari Gazete<\/span><\/h4><\/div><div class=\"td-fix-index\"><ul>\n<li><strong>Kurucu<\/strong><br \/>\nS\u00fcha S\u00fckuti T\u00fckel (1914-1997)<\/li>\n<li><strong>Kurulu\u015f Tarihi<\/strong><br \/>\n20 Nisan 1942 Pazartesi<\/li>\n<\/ul>\n<\/div><\/div><div class=\"wpb_wrapper wpb_text_column td_block_wrap td_block_wrap vc_column_text tdi_9  tagdiv-type td-pb-border-top td_block_template_1\"  data-td-block-uid=\"tdi_9\" >\n<style>\n.td-theme-wrap .tdi_9 .td-pulldown-filter-link:hover,\r\n            .td-theme-wrap .tdi_9 .td-subcat-item a:hover,\r\n            .td-theme-wrap .tdi_9 .td-subcat-item .td-cur-simple-item {\r\n                color: #cc5575;\r\n            }\r\n\r\n            .td-theme-wrap .tdi_9 .block-title > *,\r\n            .td-theme-wrap .tdi_9 .td-subcat-dropdown:hover .td-subcat-more {\r\n                background-color: #cc5575;\r\n            }\r\n            .td-theme-wrap .td-footer-wrapper .tdi_9 .block-title > * {\r\n                padding: 6px 7px 5px;\r\n                line-height: 1;\r\n            }\r\n\r\n            .td-theme-wrap .tdi_9 .block-title {\r\n                border-color: #cc5575;\r\n            }\r\n\r\n            \r\n            .td-theme-wrap .tdi_9 .td_module_wrap:hover .entry-title a,\r\n            .td-theme-wrap .tdi_9 .td_quote_on_blocks,\r\n            .td-theme-wrap .tdi_9 .td-opacity-cat .td-post-category:hover,\r\n            .td-theme-wrap .tdi_9 .td-opacity-read .td-read-more a:hover,\r\n            .td-theme-wrap .tdi_9 .td-opacity-author .td-post-author-name a:hover,\r\n            .td-theme-wrap .tdi_9 .td-instagram-user a {\r\n                color: #cc5575;\r\n            }\r\n\r\n            .td-theme-wrap .tdi_9 .td-next-prev-wrap a:hover,\r\n            .td-theme-wrap .tdi_9 .td-load-more-wrap a:hover {\r\n                background-color: #cc5575;\r\n                border-color: #cc5575;\r\n            }\r\n\r\n            .td-theme-wrap .tdi_9 .td-read-more a,\r\n            .td-theme-wrap .tdi_9 .td-weather-information:before,\r\n            .td-theme-wrap .tdi_9 .td-weather-week:before,\r\n            .td-theme-wrap .tdi_9 .td-exchange-header:before,\r\n            .td-theme-wrap .td-footer-wrapper .tdi_9 .td-post-category,\r\n            .td-theme-wrap .tdi_9 .td-post-category:hover {\r\n                background-color: #cc5575;\r\n            }\n<\/style><div class=\"td-block-title-wrap\"><h4 class=\"block-title td-block-title\"><span class=\"td-pulldown-size\">Ne\u015friyat ve Matbaac\u0131l\u0131k Ticaret Limited \u015eirketi Ad\u0131na<\/span><\/h4><\/div><div class=\"td-fix-index\"><ul>\n<li><strong>\u0130mtiyaz Sahibi ve Genel Yay\u0131n M\u00fcd\u00fcr\u00fc<\/strong><br \/>\nAhmet Sukuti T\u00fckel<\/li>\n<li><strong>Yaz\u0131 \u0130\u015fleri M\u00fcd\u00fcr\u00fc<\/strong><br \/>\nM. Cemal T\u00fckel<\/li>\n<li><strong>Sorumlu Yaz\u0131 \u0130\u015fleri M\u00fcd\u00fcr\u00fc<\/strong><br \/>\nSeda G\u00f6k<\/li>\n<li><strong>Haber M\u00fcd\u00fcr\u00fc<\/strong><br \/>\nPiraye \u00d6gel<\/li>\n<li><strong>Reklam ve Halkla \u0130li\u015fkiler M\u00fcd\u00fcr\u00fc<br \/>\n<\/strong>Asl\u0131 \u00d6zbilir<strong><br \/>\n<\/strong><\/li>\n<li><strong>\u0130nternet Sorumlu Yaz\u0131 i\u015fleri M\u00fcd\u00fcr\u00fc<br \/>\n<\/strong>K\u00fcbra Ceylan<strong><br \/>\n<\/strong><\/li>\n<li><strong>\u0130nternet Haber M\u00fcd\u00fcr\u00fc<br \/>\n<\/strong>Abdullah Soylu<\/li>\n<\/ul>\n<\/div><\/div><div class=\"wpb_wrapper wpb_text_column td_block_wrap td_block_wrap vc_column_text tdi_10  tagdiv-type td-pb-border-top td_block_template_1\"  data-td-block-uid=\"tdi_10\" >\n<style>\n.td-theme-wrap .tdi_10 .td-pulldown-filter-link:hover,\r\n            .td-theme-wrap .tdi_10 .td-subcat-item a:hover,\r\n            .td-theme-wrap .tdi_10 .td-subcat-item .td-cur-simple-item {\r\n                color: #cc5575;\r\n            }\r\n\r\n            .td-theme-wrap .tdi_10 .block-title > *,\r\n            .td-theme-wrap .tdi_10 .td-subcat-dropdown:hover .td-subcat-more {\r\n                background-color: #cc5575;\r\n            }\r\n            .td-theme-wrap .td-footer-wrapper .tdi_10 .block-title > * {\r\n                padding: 6px 7px 5px;\r\n                line-height: 1;\r\n            }\r\n\r\n            .td-theme-wrap .tdi_10 .block-title {\r\n                border-color: #cc5575;\r\n            }\r\n\r\n            \r\n            .td-theme-wrap .tdi_10 .td_module_wrap:hover .entry-title a,\r\n            .td-theme-wrap .tdi_10 .td_quote_on_blocks,\r\n            .td-theme-wrap .tdi_10 .td-opacity-cat .td-post-category:hover,\r\n            .td-theme-wrap .tdi_10 .td-opacity-read .td-read-more a:hover,\r\n            .td-theme-wrap .tdi_10 .td-opacity-author .td-post-author-name a:hover,\r\n            .td-theme-wrap .tdi_10 .td-instagram-user a {\r\n                color: #cc5575;\r\n            }\r\n\r\n            .td-theme-wrap .tdi_10 .td-next-prev-wrap a:hover,\r\n            .td-theme-wrap .tdi_10 .td-load-more-wrap a:hover {\r\n                background-color: #cc5575;\r\n                border-color: #cc5575;\r\n            }\r\n\r\n            .td-theme-wrap .tdi_10 .td-read-more a,\r\n            .td-theme-wrap .tdi_10 .td-weather-information:before,\r\n            .td-theme-wrap .tdi_10 .td-weather-week:before,\r\n            .td-theme-wrap .tdi_10 .td-exchange-header:before,\r\n            .td-theme-wrap .td-footer-wrapper .tdi_10 .td-post-category,\r\n            .td-theme-wrap .tdi_10 .td-post-category:hover {\r\n                background-color: #cc5575;\r\n            }\n<\/style><div class=\"td-block-title-wrap\"><h4 class=\"block-title td-block-title\"><span class=\"td-pulldown-size\">\u0130leti\u015fim<\/span><\/h4><\/div><div class=\"td-fix-index\"><p>9 Eyl\u00fcl Meydan\u0131 Meydan Han No:13 Kat:7 Daire 701<br \/>\n(35110) Konak\/\u0130ZM\u0130R<\/p>\n<p><strong>Telefon<\/strong> (0232) 461 96 42 &#8211; 461 96 45<br \/>\n<strong>Fax<\/strong> \u00a0(0232) 484 87 80<\/p>\n<\/div><\/div><\/div><\/div><div class=\"vc_column tdi_12  wpb_column vc_column_container tdc-column td-pb-span6\">\n<style scoped>\n\/* custom css - generated by TagDiv Composer *\/\n\n\/* custom css - generated by TagDiv Composer *\/\n.tdi_12{\r\n                    vertical-align: baseline;\r\n                }.tdi_12 > .wpb_wrapper,\r\n\t\t\t\t.tdi_12 > .wpb_wrapper > .tdc-elements{\r\n\t\t\t\t    display: block;\r\n\t\t\t\t}.tdi_12 > .wpb_wrapper > .tdc-elements{\r\n\t\t\t\t    width: 100%;\r\n\t\t\t\t}.tdi_12 > .wpb_wrapper > .vc_row_inner{\r\n\t\t\t\t    width: auto;\r\n\t\t\t\t}.tdi_12 > .wpb_wrapper{\r\n\t\t\t\t    width: auto;\r\n\t\t\t\t    height: auto;\r\n\t\t\t\t}\n\/* inline tdc_css att - generated by TagDiv Composer *\/\n\n.tdi_12{\nwidth:48% !important;\n}\n\n\/* phone *\/\n@media (max-width: 767px)\n{\n.tdi_12{\nmargin-bottom:20px !important;\nwidth:100% !important;\n}\n}\n\n<\/style><div class=\"wpb_wrapper\" ><div class=\"tdm_block td_block_wrap tdm_block_column_title tdi_13 tdm-content-horiz-left td-pb-border-top td_block_template_1\"  data-td-block-uid=\"tdi_13\" >\n<style>\n\n\/* inline tdc_css att - generated by TagDiv Composer *\/\n\n.tdi_13{\nmargin-top:40px !important;\nmargin-bottom:10px !important;\n}\n\n\/* portrait *\/\n@media (min-width: 768px) and (max-width: 1018px)\n{\n.tdi_13{\nmargin-bottom:-10px !important;\nwidth:500px !important;\nz-index:1 !important;\n}\n}\n\n\/* phone *\/\n@media (max-width: 767px)\n{\n.tdi_13{\nmargin-top:0px !important;\njustify-content:center !important;\ntext-align:center !important;\n}\n}\n\n<\/style>\n<style>\n\/* custom css - generated by TagDiv Composer *\/\n.tdm_block_column_title{\r\n                  margin-bottom: 0;\r\n                  display: inline-block;\r\n                  width: 100%;\r\n                }\n<\/style><div class=\"td-block-row\"><div class=\"td-block-span12 tdm-col\">\n<style>\n\/* custom css - generated by TagDiv Composer *\/\n.tdi_14 .tdm-title-line{\r\n\t\t\t\t\twidth: 120px;\r\n\t\t\t\t\r\n\t\t\t\t\theight: 0px;\r\n\t\t\t\t}.tdi_14 .tdm-title-line:after{\r\n\t\t\t\t\theight: 0px;\r\n\t\t\t\t\r\n\t\t\t\t\tbottom: 0%;\r\n\t\t\t\t}.tdi_14 .tdm-title-sub{\r\n\t\t\t\t\tmargin-bottom: 0px;\r\n\t\t\t\t}body .tdi_14 .tdm-title-sub{\r\n\t\t\t\t\tcolor: #e83030;\r\n\t\t\t\t}.tdi_14 .tdm-title{\r\n\t\t\t\t\tfont-family:Roboto !important;\r\n\t\t\t\t}\n\n\/* phone *\/\n@media (max-width: 767px){\n.tdi_14 .tdm-title{\r\n\t\t\t\t\tfont-size:34px !important;\r\n\t\t\t\t}\n}\n<\/style><div class=\"tds-title tds-title3 tdm-subtitle-above td-fix-index tdi_14 \"><div class=\"tdm-title-sub\">HAKKIMIZDA<\/div><div class=\"tdm-title-line\"><\/div><h3 class=\"tdm-title tdm-title-md\">Ticari habercilikte<br>1942'den ba\u015flayan ustal\u0131k<\/h3><\/div><\/div><\/div><\/div><div class=\"tdm_block td_block_wrap tdm_block_inline_text tdi_15 tdm-inline-block td-pb-border-top td_block_template_1\"  data-td-block-uid=\"tdi_15\" >\n<style>\n\n\/* inline tdc_css att - generated by TagDiv Composer *\/\n\n.tdi_15{\nz-index:1 !important;\n}\n\n\/* phone *\/\n@media (max-width: 767px)\n{\n.tdi_15{\njustify-content:center !important;\ntext-align:center !important;\n}\n}\n\n<\/style>\n<style>\n\/* custom css - generated by TagDiv Composer *\/\n.tdm_block.tdm_block_inline_text{\r\n                  margin-bottom: 0;\r\n                  vertical-align: top;\r\n                }.tdm_block.tdm_block_inline_text .tdm-descr{\r\n                  margin-bottom: 0;\r\n                  -webkit-transform: translateZ(0);\r\n                  transform: translateZ(0);\r\n                }.tdc-row-content-vert-center .tdm-inline-text-yes{\r\n                  vertical-align: middle;\r\n                }.tdc-row-content-vert-bottom .tdm-inline-text-yes{\r\n                  vertical-align: bottom;\r\n                }.tdi_15{\r\n                    text-align: left !important;\r\n                }\n<\/style><p class=\"tdm-descr\">Kesintisiz yay\u0131nlad\u0131\u011f\u0131 yirmibe\u015fbin dokuzy\u00fcze yak\u0131n say\u0131 ile ticari gazetecilik alan\u0131nda T\u00fcrkiye\u2019deki en yak\u0131n rakibinin iki kat\u0131 s\u00fcre ve say\u0131d\u0131r yay\u0131n hayat\u0131n\u0131 s\u00fcrd\u00fcren Ticaret Gazetesi \u00fclkemizde bu alandaki gazetecili\u011fin \u00f6n\u00fcn\u00fc a\u00e7an en k\u00f6kl\u00fc yay\u0131n organ\u0131d\u0131r.<br><br>\n\nTicaret Gazetesi tematik g\u00fcnl\u00fck gazetecili\u011fin en \u00f6nemli iki temel ta\u015f\u0131 olan uzmanl\u0131k ve objektiflik niteliklerinden taviz vermeden 1942'den beri yay\u0131nlad\u0131\u011f\u0131 ticari haber ve analizlerle g\u00fcvenilirlik konusunda hakl\u0131 bir \u015f\u00f6hrete sahiptir. <\/p><\/div><div class=\"tdm_block td_block_wrap tdm_block_column_title tdi_16 tdm-content-horiz-left td-pb-border-top td_block_template_1\"  data-td-block-uid=\"tdi_16\" >\n<style>\n\n\/* inline tdc_css att - generated by TagDiv Composer *\/\n\n.tdi_16{\nmargin-top:40px !important;\nmargin-bottom:10px !important;\n}\n\n\/* portrait *\/\n@media (min-width: 768px) and (max-width: 1018px)\n{\n.tdi_16{\nmargin-bottom:-10px !important;\nwidth:500px !important;\nz-index:1 !important;\n}\n}\n\n\/* phone *\/\n@media (max-width: 767px)\n{\n.tdi_16{\nmargin-top:0px !important;\njustify-content:center !important;\ntext-align:center !important;\n}\n}\n\n<\/style><div class=\"td-block-row\"><div class=\"td-block-span12 tdm-col\">\n<style>\n\/* custom css - generated by TagDiv Composer *\/\n.tdi_17 .tdm-title-line{\r\n\t\t\t\t\twidth: 120px;\r\n\t\t\t\t\r\n\t\t\t\t\theight: 0px;\r\n\t\t\t\t}.tdi_17 .tdm-title-line:after{\r\n\t\t\t\t\theight: 0px;\r\n\t\t\t\t\r\n\t\t\t\t\tbottom: 0%;\r\n\t\t\t\t}.tdi_17 .tdm-title-sub{\r\n\t\t\t\t\tmargin-bottom: 0px;\r\n\t\t\t\t}body .tdi_17 .tdm-title-sub{\r\n\t\t\t\t\tcolor: #f9b800;\r\n\t\t\t\t}.tdi_17 .tdm-title{\r\n\t\t\t\t\tfont-family:Roboto !important;\r\n\t\t\t\t}\n\n\/* phone *\/\n@media (max-width: 767px){\n.tdi_17 .tdm-title{\r\n\t\t\t\t\tfont-size:34px !important;\r\n\t\t\t\t}\n}\n<\/style><div class=\"tds-title tds-title3 tdm-subtitle-above td-fix-index tdi_17 \"><div class=\"tdm-title-sub\"><\/div><div class=\"tdm-title-line\"><\/div><h3 class=\"tdm-title tdm-title-md\">Yay\u0131nc\u0131l\u0131kta s\u00fcrd\u00fcr\u00fclebilir inovasyon<\/h3><\/div><\/div><\/div><\/div><div class=\"tdm_block td_block_wrap tdm_block_inline_text tdi_18 tdm-inline-block td-pb-border-top td_block_template_1\"  data-td-block-uid=\"tdi_18\" >\n<style>\n\n\/* inline tdc_css att - generated by TagDiv Composer *\/\n\n.tdi_18{\nz-index:1 !important;\n}\n\n\/* phone *\/\n@media (max-width: 767px)\n{\n.tdi_18{\nmargin-bottom:20px !important;\njustify-content:center !important;\ntext-align:center !important;\n}\n}\n\n<\/style>\n<style>\n\/* custom css - generated by TagDiv Composer *\/\n.tdi_18{\r\n                    text-align: left !important;\r\n                }\n<\/style><p class=\"tdm-descr\">Habercilikte, analizde, veri de\u011ferlendirmede, \u00f6zg\u00fcn i\u00e7erikte yapt\u0131\u011f\u0131 yeniliklerle ilk g\u00fcnden beri ticari gazetecili\u011fin g\u00fcndemini de\u011fi\u015ftiren Ticaret Gazetesi <strong>2001\u2019den beri<\/strong> web yay\u0131nc\u0131l\u0131\u011f\u0131 da yap\u0131yor.<br><br>\n\nHer g\u00fcn ticaretgazetesi.com.tr okuyucular\u0131n\u0131n % 20\u2019si <strong>d\u00fcnyan\u0131n 62 \u00fclkesinden<\/strong>  yay\u0131nlar\u0131m\u0131z\u0131 takip ediyor.<\/p><\/div><\/div><\/div><\/div><\/div><\/div><\/div>","protected":false},"excerpt":{"rendered":"","protected":false},"author":1,"featured_media":0,"parent":0,"menu_order":0,"comment_status":"closed","ping_status":"closed","template":"","meta":{"footnotes":""},"class_list":["post-631","page","type-page","status-publish"],"_links":{"self":[{"href":"https:\/\/probatio.com.tr\/testicaret\/wp-json\/wp\/v2\/pages\/631","targetHints":{"allow":["GET"]}}],"collection":[{"href":"https:\/\/probatio.com.tr\/testicaret\/wp-json\/wp\/v2\/pages"}],"about":[{"href":"https:\/\/probatio.com.tr\/testicaret\/wp-json\/wp\/v2\/types\/page"}],"author":[{"embeddable":true,"href":"https:\/\/probatio.com.tr\/testicaret\/wp-json\/wp\/v2\/users\/1"}],"replies":[{"embeddable":true,"href":"https:\/\/probatio.com.tr\/testicaret\/wp-json\/wp\/v2\/comments?post=631"}],"version-history":[{"count":20,"href":"https:\/\/probatio.com.tr\/testicaret\/wp-json\/wp\/v2\/pages\/631\/revisions"}],"predecessor-version":[{"id":3485,"href":"https:\/\/probatio.com.tr\/testicaret\/wp-json\/wp\/v2\/pages\/631\/revisions\/3485"}],"wp:attachment":[{"href":"https:\/\/probatio.com.tr\/testicaret\/wp-json\/wp\/v2\/media?parent=631"}],"curies":[{"name":"wp","href":"https:\/\/api.w.org\/{rel}","templated":true}]}}