{"id":612,"date":"2023-01-16T06:54:03","date_gmt":"2023-01-16T03:54:03","guid":{"rendered":"https:\/\/probatio.com.tr\/testicaret\/?page_id=612"},"modified":"2023-02-09T04:51:49","modified_gmt":"2023-02-09T01:51:49","slug":"gizlilik-ve-cerez-politikasi","status":"publish","type":"page","link":"https:\/\/probatio.com.tr\/testicaret\/gizlilik-ve-cerez-politikasi\/","title":{"rendered":"Gizlilik ve \u00c7erez Politikas\u0131"},"content":{"rendered":"<div id=\"tdi_1\" class=\"tdc-zone\"><div class=\"tdc_zone tdi_2  wpb_row td-pb-row\"  >\n<style scoped>\n\/* custom css - generated by TagDiv Composer *\/\n\n\/* custom css - generated by TagDiv Composer *\/\n.tdi_2{\r\n                    min-height: 0;\r\n                }\n<\/style><div id=\"tdi_3\" class=\"tdc-row\"><div class=\"vc_row tdi_4  wpb_row td-pb-row\" >\n<style scoped>\n\/* custom css - generated by TagDiv Composer *\/\n\n\/* custom css - generated by TagDiv Composer *\/\n.tdi_4,\r\n                .tdi_4 .tdc-columns{\r\n                    min-height: 0;\r\n                }.tdi_4,\r\n\t\t\t\t.tdi_4 .tdc-columns{\r\n\t\t\t\t    display: block;\r\n\t\t\t\t}.tdi_4 .tdc-columns{\r\n\t\t\t\t    width: 100%;\r\n\t\t\t\t}.tdi_4:before,\r\n\t\t\t\t.tdi_4:after{\r\n\t\t\t\t    display: table;\r\n\t\t\t\t}\n<\/style><div class=\"vc_column tdi_6  wpb_column vc_column_container tdc-column td-pb-span6\">\n<style scoped>\n\/* custom css - generated by TagDiv Composer *\/\n\n\/* custom css - generated by TagDiv Composer *\/\n.tdi_6{\r\n                    vertical-align: baseline;\r\n                }.tdi_6 > .wpb_wrapper,\r\n\t\t\t\t.tdi_6 > .wpb_wrapper > .tdc-elements{\r\n\t\t\t\t    display: block;\r\n\t\t\t\t}.tdi_6 > .wpb_wrapper > .tdc-elements{\r\n\t\t\t\t    width: 100%;\r\n\t\t\t\t}.tdi_6 > .wpb_wrapper > .vc_row_inner{\r\n\t\t\t\t    width: auto;\r\n\t\t\t\t}.tdi_6 > .wpb_wrapper{\r\n\t\t\t\t    width: auto;\r\n\t\t\t\t    height: auto;\r\n\t\t\t\t}\n<\/style><div class=\"wpb_wrapper\" ><div class=\"wpb_wrapper wpb_text_column td_block_wrap td_block_wrap vc_column_text tdi_7  tagdiv-type td-pb-border-top td_block_template_1\"  data-td-block-uid=\"tdi_7\" >\n<style>\n\n\/* inline tdc_css att - generated by TagDiv Composer *\/\n\n.tdi_7{\nmargin-top:90px !important;\n}\n\n\/* portrait *\/\n@media (min-width: 768px) and (max-width: 1018px)\n{\n.tdi_7{\nmargin-left:10px !important;\n}\n}\n\n\/* landscape *\/\n@media (min-width: 1019px) and (max-width: 1140px)\n{\n.tdi_7{\nmargin-left:20px !important;\n}\n}\n\n<\/style>\n<style>\n\/* custom css - generated by TagDiv Composer *\/\n.vc_column_text > .td-element-style{\r\n\t\t\t\t\tz-index: -1;\r\n\t\t\t\t}.tdi_7{\r\n\t\t\t        color: #898989;\r\n\t\t        }\n<\/style><div class=\"td-fix-index\"><h2>Genel bilgi<\/h2>\n<p><strong class=\"privacy-policy-tutorial\">www.ticaretgazetesi.com.tr <\/strong>internet sayfas\u0131 kullan\u0131m\u0131n\u0131z\u0131 en verimli hale getirebilmek ve kullan\u0131c\u0131 deneyiminizi geli\u015ftirebilmek ad\u0131na \u00e7e\u015fitli \u00e7erezler kullan\u0131yoruz.<\/p>\n<p>Bu \u00e7erezler, ziyaret etti\u011finiz internet siteleri taraf\u0131ndan taray\u0131c\u0131lar arac\u0131l\u0131\u011f\u0131yla cihaz\u0131n\u0131za veya a\u011f sunucusuna yerle\u015ftirilen ve bilgi depolamak i\u00e7in kullan\u0131lan k\u00fc\u00e7\u00fck veri dosyalar\u0131d\u0131r.<\/p>\n<p>Di\u011fer bir ifade ile \u00e7erezler bilgisayarlarda, telefonlarda ve di\u011fer cihazlarda tan\u0131mlay\u0131c\u0131lar\u0131 ve di\u011fer bilgileri toplamak ve tutmak i\u00e7in kullan\u0131lmaktad\u0131r.<\/p>\n<p>\u0130nternet taray\u0131c\u0131n\u0131zda veya cihaz\u0131n\u0131zda tuttu\u011fumuz veriler, cihaz\u0131n\u0131zla ili\u015fkili tan\u0131mlay\u0131c\u0131lar ve di\u011fer yaz\u0131l\u0131mlar gibi ba\u015fka teknolojiler de benzer ama\u00e7larla kullan\u0131labilir.<\/p>\n<p>Bu politikada, bu teknolojilerin t\u00fcm\u00fc \u201c\u00e7erez\u201d olarak an\u0131lacakt\u0131r. \u0130nternet sitemiz haricinde \u00fc\u00e7\u00fcnc\u00fc ki\u015filer de, kendi sitelerinde ve\/veya uygulamalar\u0131nda, www.ticaretgazetesi.com.tr internet sitesi ile ili\u015fkili olarak \u00e7erezler kullanabilir.<\/p>\n<\/div><\/div><\/div><\/div><div class=\"vc_column tdi_9  wpb_column vc_column_container tdc-column td-pb-span6\">\n<style scoped>\n\/* custom css - generated by TagDiv Composer *\/\n\n\/* custom css - generated by TagDiv Composer *\/\n.tdi_9{\r\n                    vertical-align: baseline;\r\n                }.tdi_9 > .wpb_wrapper,\r\n\t\t\t\t.tdi_9 > .wpb_wrapper > .tdc-elements{\r\n\t\t\t\t    display: block;\r\n\t\t\t\t}.tdi_9 > .wpb_wrapper > .tdc-elements{\r\n\t\t\t\t    width: 100%;\r\n\t\t\t\t}.tdi_9 > .wpb_wrapper > .vc_row_inner{\r\n\t\t\t\t    width: auto;\r\n\t\t\t\t}.tdi_9 > .wpb_wrapper{\r\n\t\t\t\t    width: auto;\r\n\t\t\t\t    height: auto;\r\n\t\t\t\t}\n<\/style><div class=\"wpb_wrapper\" ><div class=\"wpb_wrapper wpb_text_column td_block_wrap td_block_wrap vc_column_text tdi_10  tagdiv-type td-pb-border-top td_block_template_1\"  data-td-block-uid=\"tdi_10\" >\n<style>\n\n\/* inline tdc_css att - generated by TagDiv Composer *\/\n\n.tdi_10{\nmargin-top:90px !important;\n}\n\n\/* phone *\/\n@media (max-width: 767px)\n{\n.tdi_10{\nmargin-bottom:40px !important;\n}\n}\n\n\/* portrait *\/\n@media (min-width: 768px) and (max-width: 1018px)\n{\n.tdi_10{\nmargin-right:10px !important;\n}\n}\n\n\/* landscape *\/\n@media (min-width: 1019px) and (max-width: 1140px)\n{\n.tdi_10{\nmargin-right:20px !important;\n}\n}\n\n<\/style>\n<style>\n\/* custom css - generated by TagDiv Composer *\/\n.tdi_10{\r\n\t\t\t        color: #898989;\r\n\t\t        }\n<\/style><div class=\"td-fix-index\"><h2>Uygulama ve sitemizde kullan\u0131lan \u00e7erezler<\/h2>\n<p><strong class=\"privacy-policy-tutorial\">Otantikasyon \u00c7erezleri: <\/strong>\u00dcyelerimizin internet sitemize, kullan\u0131c\u0131 giri\u015fi yapma a\u015famas\u0131nda, \u015fifrelerini tekraren girmelerini \u00f6nlemek amac\u0131yla kullan\u0131lan \u00e7erezlerdir. BT \u00fcyeli\u011fi ve Facebook Connect giri\u015flerinde de benzer \u00e7erezler kullan\u0131lmaktad\u0131r. <strong class=\"privacy-policy-tutorial\">Reklam \u00c7erezleri: <\/strong>Davran\u0131\u015fsal ve hedef odakl\u0131 reklamlar\u0131n \u00fcyelerimize g\u00f6sterilmesi amac\u0131yla kullan\u0131lan \u00e7erezlerdir. <strong class=\"privacy-policy-tutorial\">Analitik \u00c7erezler: <\/strong>\u00dcyelerimizin\/ziyaret\u00e7ilerimizin kullan\u0131m al\u0131\u015fkanl\u0131klar\u0131n\u0131 analiz etmek ve uygulama istatistiklerini belirlemek i\u00e7in kullan\u0131lan \u00e7erezlerdir. (Uygulaman\u0131n ka\u00e7 kere a\u00e7\u0131ld\u0131\u011f\u0131, hangi saatlerde kullan\u0131ld\u0131\u011f\u0131, uygulama i\u00e7erisinde en \u00e7ok kullan\u0131lan b\u00f6l\u00fcmlerin neler oldu\u011fu gibi) <strong class=\"privacy-policy-tutorial\">Teknik \u00c7erezler: <\/strong>\u0130nternet sitemizin d\u00fczg\u00fcn \u00e7al\u0131\u015fmas\u0131n\u0131n takibi amac\u0131yla kullan\u0131lan \u00e7erezlerdir. <strong class=\"privacy-policy-tutorial\">Ki\u015fiselle\u015ftirme \u00c7erezleri: <\/strong>\u00dcye davran\u0131\u015f ve tercihlerine g\u00f6re ki\u015fiselle\u015ftirilmi\u015f i\u00e7erik ve deneyim sunmak amac\u0131yla kullan\u0131lan \u00e7erezlerdir.<\/p>\n<\/div><\/div><\/div><\/div><\/div><\/div><\/div><\/div>","protected":false},"excerpt":{"rendered":"","protected":false},"author":1,"featured_media":0,"parent":0,"menu_order":0,"comment_status":"closed","ping_status":"closed","template":"","meta":{"footnotes":""},"class_list":["post-612","page","type-page","status-publish"],"_links":{"self":[{"href":"https:\/\/probatio.com.tr\/testicaret\/wp-json\/wp\/v2\/pages\/612","targetHints":{"allow":["GET"]}}],"collection":[{"href":"https:\/\/probatio.com.tr\/testicaret\/wp-json\/wp\/v2\/pages"}],"about":[{"href":"https:\/\/probatio.com.tr\/testicaret\/wp-json\/wp\/v2\/types\/page"}],"author":[{"embeddable":true,"href":"https:\/\/probatio.com.tr\/testicaret\/wp-json\/wp\/v2\/users\/1"}],"replies":[{"embeddable":true,"href":"https:\/\/probatio.com.tr\/testicaret\/wp-json\/wp\/v2\/comments?post=612"}],"version-history":[{"count":17,"href":"https:\/\/probatio.com.tr\/testicaret\/wp-json\/wp\/v2\/pages\/612\/revisions"}],"predecessor-version":[{"id":791,"href":"https:\/\/probatio.com.tr\/testicaret\/wp-json\/wp\/v2\/pages\/612\/revisions\/791"}],"wp:attachment":[{"href":"https:\/\/probatio.com.tr\/testicaret\/wp-json\/wp\/v2\/media?parent=612"}],"curies":[{"name":"wp","href":"https:\/\/api.w.org\/{rel}","templated":true}]}}